{"id":38,"date":"2011-05-21T15:37:11","date_gmt":"2011-05-21T17:37:11","guid":{"rendered":"http:\/\/www.robert-hummel.de\/?page_id=38"},"modified":"2025-08-14T07:57:31","modified_gmt":"2025-08-14T09:57:31","slug":"filmografie","status":"publish","type":"page","link":"https:\/\/www.robert-hummel.de\/?page_id=38","title":{"rendered":"Filmografie"},"content":{"rendered":"\n<figure class=\"wp-block-image size-full is-resized\"><img loading=\"lazy\" decoding=\"async\" width=\"960\" height=\"960\" src=\"https:\/\/www.robert-hummel.de\/wp-content\/uploads\/2025\/08\/250810__Robert_113_quadrat-BEARBEITETvonIKI.jpeg\" alt=\"\" class=\"wp-image-2125\" style=\"width:479px;height:auto\" srcset=\"https:\/\/www.robert-hummel.de\/wp-content\/uploads\/2025\/08\/250810__Robert_113_quadrat-BEARBEITETvonIKI.jpeg 960w, https:\/\/www.robert-hummel.de\/wp-content\/uploads\/2025\/08\/250810__Robert_113_quadrat-BEARBEITETvonIKI-300x300.jpeg 300w, https:\/\/www.robert-hummel.de\/wp-content\/uploads\/2025\/08\/250810__Robert_113_quadrat-BEARBEITETvonIKI-150x150.jpeg 150w, https:\/\/www.robert-hummel.de\/wp-content\/uploads\/2025\/08\/250810__Robert_113_quadrat-BEARBEITETvonIKI-768x768.jpeg 768w\" sizes=\"auto, (max-width: 709px) 85vw, (max-width: 909px) 67vw, (max-width: 1362px) 62vw, 840px\" \/><figcaption class=\"wp-element-caption\">(c) Claudia Weingart<\/figcaption><\/figure>\n\n\n<p style=\"text-align: left;\">&#8222;<strong><a href=\"https:\/\/www.zdf.de\/video\/serien\/die-jaegerin-106\/die-jaegerin---gegen-die-wut-100\" target=\"_blank\" rel=\"noopener\">DIE J\u00c4GERIN: GEGEN DIE WUT<\/a>&#8222;<\/strong> &#8211; ZDF 2025, Drehbuch mit Peter Dommaschk, mit Nadja Uhl, Regie \u0130smail \u015eahin.<\/p>\n<p style=\"text-align: left;\">&#8222;<a href=\"https:\/\/www.ardmediathek.de\/serie\/spuren\/staffel-1\/Y3JpZDovL3N3ci5kZS9zZGIvc3RJZC8xNzA3\/1\" target=\"_blank\" rel=\"noopener\"><strong>SPUREN<\/strong><\/a>&#8220; &#8211; Miniserie, ARD 2025, Drehbuch mit Martina Mouchot, mit Nina Kunzendorf, Regie: Stefan Krohmer<\/p>\n<p>&#8222;<a href=\"https:\/\/www.daserste.de\/unterhaltung\/film\/filme-im-ersten\/sendung\/der-zuerich-krimi-borchert-und-der-schuss-ins-herz-100.html\" target=\"_blank\" rel=\"noopener\"><strong>DER Z\u00dcRICH KRIMI: BORCHERT UND DER SCHUSS INS HERZ<\/strong><\/a>&#8220; &#8211; ARD, 2024, Drehbuch: Wolf Jakoby, Robert Hummel, Regie: Roland Suso Richter.<\/p>\n<p style=\"text-align: left;\"><a href=\"https:\/\/www.tittelbach.tv\/kritiken\/die-jaegerin-riskante-sicherheit\/\" target=\"_blank\" rel=\"noopener\">&#8222;<strong>DIE J\u00c4GERIN: RISKANTE SICHERHEIT&#8220;<\/strong><\/a> &#8211; ZDF, 2023, mit Nadja Uhl, Regie \u0130smail \u015eahin.<\/p>\n<p style=\"text-align: left;\">&#8222;<strong><a href=\"https:\/\/www.daserste.de\/unterhaltung\/film\/der-zuerich-krimi\/sendung\/der-zuerich-krimi-borchert-und-der-mord-ohne-suehne-100.html\" target=\"_blank\" rel=\"noopener\">DER Z\u00dcRICH KRIMI: BORCHERT UND DER MORD OHNE S\u00dcHNE<\/a><\/strong>&#8220; &#8211; ARD, 2023, Regie: Connie Walther<\/p>\n<p style=\"text-align: left;\">&#8222;<a href=\"https:\/\/www.daserste.de\/unterhaltung\/film\/der-zuerich-krimi\/sendung\/der-zuerich-krimi-borchert-und-das-geheimnis-des-mandanten-100.html\" target=\"_blank\" rel=\"noopener\"><strong>DER Z\u00dcRICH KRIMI: BORCHERT UND DAS GEHEIMNIS DES MANDANTEN<\/strong><\/a>&#8220; &#8211; ARD, 2022, Regie: Roland Suso Richter.<\/p>\n<p style=\"text-align: left;\"><a href=\"https:\/\/www.berliner-zeitung.de\/kultur-vergnuegen\/tv-medien\/zdf-berlin-krimi-um-eine-rockerbande-die-jaegerin-nach-eigenem-gesetz-li.182021\" target=\"_blank\" rel=\"noopener\">&#8222;<strong>DIE J\u00c4GERIN: NACH EIGENEM GESETZ<\/strong>&#8222;<\/a> &#8211; ZDF, 2021, mit Nadja Uhl, Regie Andreas Herzog.<\/p>\n<p>&#8222;<a href=\"https:\/\/tv.apple.com\/de\/episode\/der-tod-ist-gro%C3%9F\/umc.cmc.4hg0s0iaw4ro9c0uhuqhonx0x?showId=umc.cmc.to3yvggx3efg3amrv72jrg5k\" target=\"_blank\" rel=\"noopener\"><strong>LETZTE SPUR BERLIN: DER TOD IST GROSS<\/strong><\/a>&#8220; &#8211; 90 min., ZDF,\u00a0 2020 (DB mit Jan Cronauer), Regie: Peter Ladkani<\/p>\n<p style=\"text-align: left;\">&#8222;<a href=\"https:\/\/www.amazon.de\/Gegen-die-Angst-Nadja-Uhl\/dp\/B084TZNN2C\" target=\"_blank\" rel=\"noopener\"><strong>GEGEN DIE ANGST<\/strong><\/a>&#8220; &#8211; ZDF, 2018, mit Nadja Uhl, Regie Andreas Herzog.<br \/>\n6 Mio. Zuschauer, 19 % MA. H\u00f6chste Abrufzahl eines ZDF-Films aus der Mediathek<\/p>\n<p style=\"text-align: left;\">&#8222;LETZTE SPUR BERLIN: Lebensretterin&#8220; &#8211; ZDF, 2018<\/p>\n<p style=\"text-align: left;\">&#8222;GROSSSTADTREVIER: Blutrache&#8220; &#8211; ARD, 2018<\/p>\n<p style=\"text-align: left;\">&#8222;LETZTE SPUR BERLIN: K\u00fcchenschlacht&#8220; &#8211; ZDF, 2018<\/p>\n<p style=\"text-align: left;\">&#8222;GROSSSTADTREVIER: Auf eigene Faust&#8220; &#8211; ARD, 2017<\/p>\n<p style=\"text-align: left;\">&#8222;LETZTE SPUR BERLIN: Ehrenamt&#8220; &#8211; ZDF, 2016<\/p>\n<p style=\"text-align: left;\">&#8222;LETZTE SPUR BERLIN: St\u00f6rfaktor&#8220; &#8211; ZDF (Co-Autor von L. Stassen), 2016<\/p>\n<p style=\"text-align: left;\">&#8222;SOKO WISMAR: Ich liebe einen M\u00f6rder&#8220; &#8211; ZDF, 2016<\/p>\n<p style=\"text-align: left;\">&#8222;GROSSSTADTREVIER: Rabenmutter&#8220; &#8211; ARD (DB mit M. Mouchot), 2015<\/p>\n<p style=\"text-align: left;\">&#8222;LETZTE SPUR BERLIN: Gesetzesh\u00fcter&#8220; &#8211; ZDF, 2015<\/p>\n<p style=\"text-align: left;\">&#8222;DER ALTE: Unstillbare Gier&#8220; &#8211; ZDF (DB mit R. Kinder), 2015<\/p>\n<p style=\"text-align: left;\">&#8222;GROSSSTADTREVIER: Pauls Versuchung&#8220; &#8211; ARD, 2015<\/p>\n<p style=\"text-align: left;\">&#8222;SOKO WISMAR: Goldener Herbst&#8220; &#8211; ZDF (DB mit C. Benkelmann) 2015<\/p>\n<p style=\"text-align: left;\">&#8222;DER ALTE: Er wird es wieder tun&#8220; &#8211; ZDF (DB mit R. Kinder), 2014<\/p>\n<p style=\"text-align: left;\">&#8222;GROSSSTADTREVIER: Am Abgrund&#8220; &#8211; ARD, 2014<\/p>\n<p style=\"text-align: left;\">&#8222;DER ALTE&#8220;: Zwischen Leben und Tod&#8220; &#8211; ZDF (DB mit R. Kinder), 2014<\/p>\n<p style=\"text-align: left;\">&#8222;DER ALTE: Straflos&#8220; &#8211; ZDF (mit R. Kinder), 2014<\/p>\n<p style=\"text-align: left;\">&#8222;GROSSSTADTREVIER: Ich habe Angst&#8220; &#8211; ARD (Vorlage: C. R\u00f6mer), 2013<\/p>\n<p style=\"text-align: left;\">&#8222;SOKO WISMAR: Leiden des Sammlers&#8220; &#8211; ZDF (DB mit C. Benkelmann), 2013<\/p>\n<p style=\"text-align: left;\">&#8222;FLEMMING: Das Gesetz des Blutes&#8220; &#8211; ZDF, 2012<\/p>\n<p style=\"text-align: left;\">&#8222;DER ALTE: Gestern ist nie vorbei&#8220; &#8211; ZDF, 2012<\/p>\n<p style=\"text-align: left;\">&#8222;DER ALTE: Im Visier&#8220; &#8211; ZDF, 2012<\/p>\n<p style=\"text-align: left;\">&#8222;GROSSSTADTREVIER&#8220; div. Folgen- ARD (mit P. Dommaschk), 2012<\/p>\n<p style=\"text-align: left;\">&#8222;DER ALTE: K\u00f6nigskinder&#8220; &#8211; ZDF, 2011<\/p>\n<p style=\"text-align: left;\">&#8222;SOKO 5113: Kalte Spuren\u201c &#8211; ZDF (Vorlage: M. Stennert), 2011<\/p>\n<p style=\"text-align: left;\">&#8222;DER ALTE: Bis zum \u00c4u\u00dfersten\u201c &#8211; ZDF, 2011<\/p>\n<p style=\"text-align: left;\">&#8222;SOKO 5113: Die Tote des Monats\u201c &#8211; ZDF (Vorlage: D. Rehbinder), 2010<\/p>\n<p style=\"text-align: left;\">&#8222;SOKO 5113: Spurlos&#8220; &#8211; ZDF, 2010<\/p>\n<p style=\"text-align: left;\">&#8222;SOKO K\u00d6LN: Todesfahrer&#8220; &#8211; ZDF (DB mit P. Dommaschk), 2009<\/p>\n<p style=\"text-align: left;\">&#8222;MEINE WUNDERBARE FAMILIE&#8220; (Rewrite) &#8211; ZDF, 2009<\/p>\n<p style=\"text-align: left;\">&#8222;SOKO 5113: Ein K\u00e4fig voller K\u00fcnstler&#8220; &#8211; ZDF, 2009<\/p>\n<p style=\"text-align: left;\">&#8222;SOKO 5113: Brisante Dateien&#8220; &#8211; ZDF, 2008<\/p>\n<p style=\"text-align: left;\">&#8222;SOKO 5113: Ohnmacht&#8220; &#8211; ZDF, 2007<\/p>\n<p style=\"text-align: left;\">&#8222;DA KOMMT KALLE: Trautes Heim&#8220; &#8211; ZDF (DB mit R. Kinder), 2006<\/p>\n<p style=\"text-align: left;\">&#8222;SOKO RHEIN-MAIN: Nichts geht mehr&#8220; &#8211; ZDF (DB mit R. Kinder), 2006<\/p>\n<p style=\"text-align: left;\">&#8222;SOKO 5113&#8220; \u2013 diverse Folgen &#8211; ZDF (mit P. Dommaschk), 2004 \u2013 2007<\/p>\n<p><strong>Konzept\/Serienentwicklung: <\/strong><\/p>\n<p>&#8222;REIGEN BERLIN&#8220; &#8211; im Auftrag von StudioTV Berlin f\u00fcr zdf_neo<\/p>\n<p>&#8222;UNTER DEM SCHLEIER&#8220; &#8211; mit Schreibkombinat Kurt Klinke im Auftrag v. StudioTV f\u00fcr Netflix, 2015<\/p>\n<p>&#8222;DROGE BERLIN&#8220; &#8211; optioniert von Constantin TV, 2014<\/p>\n<p>&#8222;VERWEHTE SPUREN&#8220; &#8211; in Auftrag der Saxonia Media, 2014<\/p>\n<p>&#8222;FRANKFURT BLUES&#8220; &#8211; im Auftrag von Granada\/ITV Germany, 2012<\/p>\n<p>&#8222;TATORT&#8220; Th\u00fcringen &#8211; im Auftrag von Mafilm (mit Pim Richter), 2012<\/p>\n<p>&#8222;BERLIN MITTENDRIN\u201c &#8211; optioniert von U5-Filmproduktion, 2012<\/p>\n<p>&#8222;DETEKTIVE WIE WIR&#8220; &#8211; im Auftrag der UFA, 2011<\/p>\n<p><strong>F\u00fcr die B\u00fchne:\u00a0\u00a0\u00a0\u00a0\u00a0\u00a0\u00a0\u00a0\u00a0\u00a0\u00a0\u00a0\u00a0\u00a0\u00a0\u00a0\u00a0\u00a0\u00a0\u00a0\u00a0\u00a0\u00a0\u00a0\u00a0\u00a0\u00a0\u00a0\u00a0\u00a0\u00a0\u00a0\u00a0\u00a0\u00a0\u00a0\u00a0\u00a0\u00a0\u00a0\u00a0\u00a0\u00a0\u00a0\u00a0\u00a0\u00a0\u00a0\u00a0\u00a0\u00a0\u00a0\u00a0\u00a0\u00a0\u00a0\u00a0\u00a0\u00a0\u00a0\u00a0\u00a0\u00a0\u00a0\u00a0\u00a0\u00a0\u00a0\u00a0\u00a0\u00a0\u00a0\u00a0\u00a0\u00a0\u00a0\u00a0\u00a0\u00a0\u00a0\u00a0\u00a0\u00a0\u00a0\u00a0\u00a0\u00a0\u00a0\u00a0\u00a0\u00a0\u00a0\u00a0\u00a0\u00a0\u00a0\u00a0\u00a0\u00a0\u00a0\u00a0\u00a0\u00a0\u00a0\u00a0\u00a0\u00a0\u00a0\u00a0\u00a0\u00a0\u00a0\u00a0\u00a0\u00a0\u00a0\u00a0\u00a0\u00a0\u00a0\u00a0\u00a0\u00a0\u00a0\u00a0\u00a0\u00a0\u00a0\u00a0\u00a0\u00a0\u00a0\u00a0\u00a0 <\/strong><\/p>\n<p>&#8222;THEATERBLUT&#8220; &#8211; Seefestival Wustrau (erg\u00e4nzende Szenen + Bearbeitung), 2014<\/p>\n<p>&#8222;ATLANTIAS NEUE WELT &#8220; &#8211; Seefestival Wustrau (erg\u00e4nzende Szenen) 2013<\/p>\n<p>&#8222;MORDSNACHT\u201c (Krimi-Dinner-Theater) &#8211; Kriminaltheater \u201eHochmut &amp; Fall\u201c, 2009<\/p>\n<p><strong>Radio<\/strong>:<\/p>\n<p>&#8222;KIEZECK&#8220; (Autor &amp; Sprecher) 50 Folgen &#8211; Berliner Rundfunk 91,4 (m. T. Saalfeld)\u00a0 2011<\/p>\n<p><strong>Auszeichnungen:\u00a0\u00a0\u00a0\u00a0\u00a0\u00a0\u00a0\u00a0\u00a0\u00a0\u00a0\u00a0\u00a0\u00a0\u00a0\u00a0\u00a0\u00a0\u00a0\u00a0\u00a0\u00a0\u00a0\u00a0\u00a0\u00a0\u00a0\u00a0\u00a0\u00a0\u00a0\u00a0\u00a0\u00a0\u00a0\u00a0\u00a0\u00a0\u00a0\u00a0\u00a0\u00a0\u00a0\u00a0\u00a0\u00a0\u00a0\u00a0\u00a0\u00a0\u00a0\u00a0\u00a0\u00a0\u00a0\u00a0\u00a0\u00a0\u00a0\u00a0\u00a0\u00a0\u00a0\u00a0\u00a0\u00a0\u00a0\u00a0\u00a0\u00a0\u00a0\u00a0\u00a0\u00a0\u00a0\u00a0\u00a0\u00a0\u00a0\u00a0\u00a0\u00a0\u00a0\u00a0\u00a0\u00a0\u00a0\u00a0\u00a0\u00a0\u00a0\u00a0\u00a0\u00a0\u00a0\u00a0\u00a0\u00a0\u00a0\u00a0\u00a0\u00a0\u00a0\u00a0\u00a0\u00a0\u00a0\u00a0\u00a0\u00a0\u00a0\u00a0\u00a0\u00a0\u00a0\u00a0\u00a0\u00a0\u00a0\u00a0\u00a0\u00a0\u00a0\u00a0\u00a0\u00a0\u00a0\u00a0\u00a0\u00a0\u00a0\u00a0\u00a0\u00a0\u00a0\u00a0\u00a0\u00a0\u00a0\u00a0\u00a0\u00a0\u00a0\u00a0\u00a0\u00a0\u00a0\u00a0\u00a0\u00a0\u00a0\u00a0\u00a0\u00a0 <\/strong><\/p>\n<p>1. Preis der Stoffb\u00f6rse, Krimifestival &#8222;Tatort Eifel&#8220; 2013 f\u00fcr &#8222;DROGE BERLIN&#8220;<\/p>\n<p>1. Preis der Stoffb\u00f6rse, Krimifestival &#8222;Tatort Eifel&#8220; 2011 f\u00fcr &#8222;ANNA &amp; DIE DETEKTIVE&#8220;<\/p>\n<p><em>Eine (nicht ganz vollst\u00e4ndige) Auflistung meiner <strong>Kino-und Fernsehrollen als Schauspieler<\/strong> finden Sie in der <a href=\"http:\/\/www.imdb.de\/name\/nm0401851\/\">IMDB<\/a>.<\/em><\/p>","protected":false},"excerpt":{"rendered":"<p>&#8222;DIE J\u00c4GERIN: GEGEN DIE WUT&#8222; &#8211; ZDF 2025, Drehbuch mit Peter Dommaschk, mit Nadja Uhl, Regie \u0130smail \u015eahin. &#8222;SPUREN&#8220; &#8211; Miniserie, ARD 2025, Drehbuch mit Martina Mouchot, mit Nina Kunzendorf, Regie: Stefan Krohmer &#8222;DER Z\u00dcRICH KRIMI: BORCHERT UND DER SCHUSS INS HERZ&#8220; &#8211; ARD, 2024, Drehbuch: Wolf Jakoby, Robert Hummel, Regie: Roland Suso Richter. &#8222;DIE &hellip; <a href=\"https:\/\/www.robert-hummel.de\/?page_id=38\" class=\"more-link\"><span class=\"screen-reader-text\">\u201eFilmografie\u201c <\/span>weiterlesen<\/a><\/p>\n","protected":false},"author":1,"featured_media":0,"parent":0,"menu_order":0,"comment_status":"closed","ping_status":"open","template":"","meta":{"footnotes":""},"class_list":["post-38","page","type-page","status-publish","hentry"],"_links":{"self":[{"href":"https:\/\/www.robert-hummel.de\/index.php?rest_route=\/wp\/v2\/pages\/38","targetHints":{"allow":["GET"]}}],"collection":[{"href":"https:\/\/www.robert-hummel.de\/index.php?rest_route=\/wp\/v2\/pages"}],"about":[{"href":"https:\/\/www.robert-hummel.de\/index.php?rest_route=\/wp\/v2\/types\/page"}],"author":[{"embeddable":true,"href":"https:\/\/www.robert-hummel.de\/index.php?rest_route=\/wp\/v2\/users\/1"}],"replies":[{"embeddable":true,"href":"https:\/\/www.robert-hummel.de\/index.php?rest_route=%2Fwp%2Fv2%2Fcomments&post=38"}],"version-history":[{"count":118,"href":"https:\/\/www.robert-hummel.de\/index.php?rest_route=\/wp\/v2\/pages\/38\/revisions"}],"predecessor-version":[{"id":2127,"href":"https:\/\/www.robert-hummel.de\/index.php?rest_route=\/wp\/v2\/pages\/38\/revisions\/2127"}],"wp:attachment":[{"href":"https:\/\/www.robert-hummel.de\/index.php?rest_route=%2Fwp%2Fv2%2Fmedia&parent=38"}],"curies":[{"name":"wp","href":"https:\/\/api.w.org\/{rel}","templated":true}]}}